{"id":10,"date":"2015-03-01T13:34:12","date_gmt":"2015-03-01T13:34:12","guid":{"rendered":"http:\/\/www.czibikmernok.hu\/?page_id=10"},"modified":"2015-03-01T13:41:38","modified_gmt":"2015-03-01T13:41:38","slug":"elerhetoseg","status":"publish","type":"page","link":"http:\/\/www.czibikmernok.hu\/?page_id=10","title":{"rendered":"El\u00e9rhet\u0151s\u00e9g"},"content":{"rendered":"<p><strong>Czibik P\u00e9ter<\/strong><\/p>\n<p>okl. f\u00f6ldm\u00e9r\u0151 \u00e9s t\u00e9rinformatikai m\u00e9rn\u00f6k<\/p>\n<p>\u00fcgyvezet\u0151<\/p>\n<p>+36 96 519 700<\/p>\n<p>+36 20 382 2810<\/p>\n<p>peter@czibikmernok.hu<\/p>\n","protected":false},"excerpt":{"rendered":"<p>Czibik P\u00e9ter okl. f\u00f6ldm\u00e9r\u0151 \u00e9s t\u00e9rinformatikai m\u00e9rn\u00f6k \u00fcgyvezet\u0151 +36 96 519 700 +36 20 382 2810 peter@czibikmernok.hu<\/p>\n","protected":false},"author":1,"featured_media":0,"parent":0,"menu_order":0,"comment_status":"closed","ping_status":"closed","template":"","meta":{"footnotes":""},"class_list":["post-10","page","type-page","status-publish","hentry"],"_links":{"self":[{"href":"http:\/\/www.czibikmernok.hu\/index.php?rest_route=\/wp\/v2\/pages\/10","targetHints":{"allow":["GET"]}}],"collection":[{"href":"http:\/\/www.czibikmernok.hu\/index.php?rest_route=\/wp\/v2\/pages"}],"about":[{"href":"http:\/\/www.czibikmernok.hu\/index.php?rest_route=\/wp\/v2\/types\/page"}],"author":[{"embeddable":true,"href":"http:\/\/www.czibikmernok.hu\/index.php?rest_route=\/wp\/v2\/users\/1"}],"replies":[{"embeddable":true,"href":"http:\/\/www.czibikmernok.hu\/index.php?rest_route=%2Fwp%2Fv2%2Fcomments&post=10"}],"version-history":[{"count":1,"href":"http:\/\/www.czibikmernok.hu\/index.php?rest_route=\/wp\/v2\/pages\/10\/revisions"}],"predecessor-version":[{"id":11,"href":"http:\/\/www.czibikmernok.hu\/index.php?rest_route=\/wp\/v2\/pages\/10\/revisions\/11"}],"wp:attachment":[{"href":"http:\/\/www.czibikmernok.hu\/index.php?rest_route=%2Fwp%2Fv2%2Fmedia&parent=10"}],"curies":[{"name":"wp","href":"https:\/\/api.w.org\/{rel}","templated":true}]}}